{"id":3,"date":"2022-08-13T19:08:19","date_gmt":"2022-08-13T23:08:19","guid":{"rendered":"https:\/\/dominguezins.com\/?page_id=3"},"modified":"2026-02-13T16:58:44","modified_gmt":"2026-02-14T00:58:44","slug":"privacy-policy","status":"publish","type":"page","link":"https:\/\/dominguezins.com\/es\/privacy-policy\/","title":{"rendered":"Pol\u00edtica de Privacidad"},"content":{"rendered":"<p>En la medida en que la ley sea aplicable a la Compa\u00f1\u00eda, esta est\u00e1 obligada, conforme a la Ley de Privacidad del Consumidor de California (\u201cCCPA\u201d), seg\u00fan sus enmiendas, a proporcionar cierta informaci\u00f3n a los residentes de California sobre c\u00f3mo recopilamos, utilizamos y compartimos su Informaci\u00f3n Personal en nuestra calidad de empresa, as\u00ed como sobre los derechos y opciones que los residentes de California pueden tener respecto a su Informaci\u00f3n Personal. Para efectos de esta secci\u00f3n, \u201cInformaci\u00f3n Personal\u201d tiene el significado establecido en la CCPA.<\/p>\n\n\n\n<p>Esta secci\u00f3n se aplica \u00fanicamente a los residentes de California. Como residente de California, usted tiene los derechos que se enumeran a continuaci\u00f3n. Sin embargo, estos derechos no son absolutos y, en ciertos casos, podremos rechazar su solicitud seg\u00fan lo permita la ley. Para ejercer cualquiera de estos derechos, por favor haga clic aqu\u00ed. Solo usted, o alguien legalmente autorizado para actuar en su nombre, puede presentar una solicitud relacionada con su Informaci\u00f3n Personal.<\/p>\n\n\n\n<p>Las siguientes divulgaciones se realizan en cumplimiento de la CCPA, seg\u00fan sus enmiendas. En los \u00faltimos doce (12) meses, hemos recopilado la Informaci\u00f3n Personal descrita anteriormente y la hemos divulgado a los terceros indicados en la secci\u00f3n \u201cCompartir Informaci\u00f3n Personal\u201d para los fines comerciales all\u00ed identificados y en la secci\u00f3n \u201cUso de la Informaci\u00f3n Personal\u201d. Esta informaci\u00f3n se encuentra dentro de las siguientes categor\u00edas de Informaci\u00f3n Personal conforme a la CCPA:<\/p>\n\n\n\n<ul>\n<li>Identificadores;<\/li>\n\n\n\n<li>Categor\u00edas de Informaci\u00f3n Personal descritas en la secci\u00f3n 1798.80(e) del C\u00f3digo Civil de California;<\/li>\n\n\n\n<li>Caracter\u00edsticas de las categor\u00edas protegidas seg\u00fan la ley de California o la ley federal;<\/li>\n\n\n\n<li>Informaci\u00f3n comercial;<\/li>\n\n\n\n<li>Informaci\u00f3n de geolocalizaci\u00f3n;<\/li>\n\n\n\n<li>Informaci\u00f3n auditiva, electr\u00f3nica o visual;<\/li>\n\n\n\n<li>Informaci\u00f3n sobre actividad en Internet o en redes electr\u00f3nicas;<\/li>\n\n\n\n<li>Informaci\u00f3n profesional o relacionada con el empleo; y<\/li>\n\n\n\n<li>Informaci\u00f3n personal sensible identificada con un asterisco (*) en la tabla anterior.<\/li>\n<\/ul>\n\n\n\n<p>Como se indic\u00f3 anteriormente en la secci\u00f3n \u201cVenta y Compartici\u00f3n de Informaci\u00f3n Personal\u201d, podemos participar en actividades que podr\u00edan considerarse como \u201cventa\u201d o \u201ccompartici\u00f3n\u201d de Informaci\u00f3n Personal. Si desea excluirse de este uso de su Informaci\u00f3n Personal, haga clic aqu\u00ed: <a href=\"https:\/\/dominguezins.com\/es\/contact-us\/\"><em><strong>No vender ni compartir mi Informaci\u00f3n Personal<\/strong><\/em><\/a>.<\/p>\n\n\n\n<p>No utilizamos ni divulgamos Informaci\u00f3n Personal sensible (indicada en la secci\u00f3n \u201cInformaci\u00f3n Personal que Recopilamos\u201d con un asterisco (*)) para fines distintos a los especificados en *Cal. Code Regs. tit. 11, \u00a7 7027(m)<\/p>\n\n\n\n<p>A continuaci\u00f3n se presenta un resumen de sus derechos bajo la CCPA. Tenga en cuenta que estos derechos no son absolutos y que, en ciertos casos, podremos rechazar su solicitud seg\u00fan lo permita la ley.<\/p>\n\n\n\n<p>Este enlace tambi\u00e9n debe mostrarse en la p\u00e1gina de inicio de su sitio web de manera visible para que el consumidor pueda encontrarlo f\u00e1cilmente. Puede colocarse en el encabezado o pie de p\u00e1gina de su sitio web, o junto a los enlaces existentes a su aviso de privacidad y t\u00e9rminos de uso.<\/p>\n\n\n\n<p>Integrity puede proporcionar un bot\u00f3n de plantilla que usted puede utilizar para esto.<\/p>\n\n\n\n<figure class=\"wp-block-table\"><table><tbody><tr><td>Derecho del Consumidor<\/td><td>Descripci\u00f3n<\/td><\/tr><tr><td>Acceso<\/td><td>Usted puede solicitar que le proporcionemos la siguiente informaci\u00f3n sobre c\u00f3mo hemos recopilado y utilizado su Informaci\u00f3n Personal:<br>\u00b7 Las categor\u00edas de Informaci\u00f3n Personal que hemos recopilado sobre usted;<br>\u00b7 Las fuentes de las cuales se recopil\u00f3 dicha Informaci\u00f3n Personal;<br>\u00b7 El prop\u00f3sito comercial o empresarial de recopilar, vender y\/o compartir su Informaci\u00f3n Personal;<br>\u00b7 Las categor\u00edas de Informaci\u00f3n Personal que hemos compartido o vendido sobre usted;<br>\u00b7 Las categor\u00edas de terceros a los que hemos compartido o vendido Informaci\u00f3n Personal sobre usted;<br>\u00b7 Las categor\u00edas de Informaci\u00f3n Personal que hemos divulgado con un prop\u00f3sito comercial; y<br>\u00b7 Las categor\u00edas de terceros a los que hemos divulgado Informaci\u00f3n Personal suya con un prop\u00f3sito comercial.<br><\/td><\/tr><tr><td>Solicitar una Copia de su Informaci\u00f3n Personal<\/td><td>Puede solicitar una copia de su informaci\u00f3n personal.<br>Usted puede presentar una solicitud para que la Compa\u00f1\u00eda revele las categor\u00edas y los datos espec\u00edficos de Informaci\u00f3n Personal que hemos recopilado, utilizado o divulgado sobre usted.<br>Tenga en cuenta que el hecho de que la Compa\u00f1\u00eda haya proporcionado las categor\u00edas de Informaci\u00f3n Personal que puede recopilar de conformidad con la ley de California no significa que necesariamente haya recopilado toda la informaci\u00f3n personal espec\u00edfica de cada persona. Asimismo, tenga en cuenta que, si la Informaci\u00f3n Personal se divulg\u00f3 en los \u00faltimos doce (12) meses, es posible que solo se haya divulgado a proveedores de servicios.<\/td><\/tr><tr><td>Correcci\u00f3n<\/td><td>Usted puede solicitar editar o corregir su Informaci\u00f3n Personal en cualquier momento.<\/td><\/tr><tr><td>Eliminaci\u00f3n<\/td><td>Es posible que tenga derecho, en determinadas circunstancias, a solicitar que eliminemos la informaci\u00f3n personal que nos ha proporcionado.<\/td><\/tr><tr><td>Exclusi\u00f3n de la venta y\/o compartici\u00f3n<\/td><td>La CCPA puede clasificar el uso que hacemos de algunos servicios como \u00abventa\u00bb o \u00abcompartir\u00bb su Informaci\u00f3n Personal con los socios que prestan los servicios. Puede optar por no participar en la \u00abventa\u00bb o \u00abcompartir\u00bb su Informaci\u00f3n Personal.<\/td><\/tr><tr><td>Limitar el procesamiento de informaci\u00f3n personal confidencial<\/td><td>Utilizamos la Informaci\u00f3n Personal Sensible \u00fanicamente cuando sea necesario para (1) la prestaci\u00f3n y operaci\u00f3n de nuestros Servicios, (2) el cumplimiento normativo y la protecci\u00f3n de datos, (3) el control de calidad y las mejoras, o (4) la mejora del Servicio y el an\u00e1lisis de datos, de conformidad con la CCPA. Si utilizamos Informaci\u00f3n Personal Sensible fuera de los fines permitidos por la CCPA, usted tiene derecho a limitar dicho procesamiento.<\/td><\/tr><\/tbody><\/table><figcaption class=\"wp-element-caption\"><br><br>Ejercicio de sus Derechos de Privacidad<\/figcaption><\/figure>\n\n\n\n<figure class=\"wp-block-table\"><table><tbody><tr><td>Procesar<\/td><td>Descripci\u00f3n<\/td><\/tr><tr><td>Verificaci\u00f3n<\/td><td><br>Para proteger su Informaci\u00f3n Personal contra el acceso o la eliminaci\u00f3n no autorizados, es posible que le solicitemos verificar las credenciales de su cuenta antes de que pueda presentar una solicitud de derechos. Si no tiene una cuenta con nosotros, o si sospechamos que su cuenta ha sido accedida sin su autorizaci\u00f3n, podr\u00edamos pedirle que proporcione Informaci\u00f3n Personal adicional para su verificaci\u00f3n.<br>La Compa\u00f1\u00eda est\u00e1 legalmente obligada a verificar su identidad cuando presente una solicitud. Podemos solicitarle informaci\u00f3n adicional para verificar su identidad. Si presenta una solicitud para eliminar su Informaci\u00f3n Personal, tambi\u00e9n se le pedir\u00e1 que confirme la solicitud de eliminaci\u00f3n por correo electr\u00f3nico.<br>Si posteriormente no podemos confirmar su identidad, podremos rechazar su solicitud de derechos.<\/td><\/tr><tr><td>Uso de Agentes Autorizados<\/td><td>Puede utilizar un agente autorizado para presentar una solicitud de derechos. En tal caso, el agente autorizado deber\u00e1 presentar una autorizaci\u00f3n escrita firmada para actuar en su nombre. Adem\u00e1s, deber\u00e1 verificar su identidad de forma independiente directamente con nosotros y confirmar que autoriz\u00f3 al agente autorizado a presentar la solicitud de derechos. Este proceso de verificaci\u00f3n no es necesario si su agente autorizado proporciona documentaci\u00f3n que demuestre que tiene poder notarial para actuar en su nombre seg\u00fan los art\u00edculos 4121 a 4130 del C\u00f3digo de Procedimiento Civil de California.<\/td><\/tr><\/tbody><\/table><\/figure>\n\n\n\n<p>La suscripci\u00f3n m\u00f3vil, el consentimiento para recibir SMS y los n\u00fameros de tel\u00e9fono recopilados con fines de comunicaci\u00f3n por SMS no se compartir\u00e1n con terceros ni afiliados con fines de marketing.<\/p>","protected":false},"excerpt":{"rendered":"<p>To the extent the law applies to Company, Company is required under the California Consumer Privacy Act (\u201cCCPA\u201d), as amended, to provide certain information to California residents about how we collect, use, and share their Personal Information in our capacity as a business, and about the rights and choices California residents may have concerning their [&hellip;]<\/p>","protected":false},"author":1,"featured_media":0,"parent":0,"menu_order":0,"comment_status":"closed","ping_status":"closed","template":"page-policies.php","meta":[],"yoast_head":"<!-- This site is optimized with the Yoast SEO plugin v20.6 - https:\/\/yoast.com\/wordpress\/plugins\/seo\/ -->\n<title>Privacy Policy - Dominguez Insurance Services<\/title>\n<meta name=\"robots\" content=\"index, follow, max-snippet:-1, max-image-preview:large, max-video-preview:-1\" \/>\n<link rel=\"canonical\" href=\"https:\/\/dominguezins.com\/es\/privacy-policy\/\" \/>\n<meta property=\"og:locale\" content=\"es_ES\" \/>\n<meta property=\"og:type\" content=\"article\" \/>\n<meta property=\"og:title\" content=\"Privacy Policy - Dominguez Insurance Services\" \/>\n<meta property=\"og:description\" content=\"To the extent the law applies to Company, Company is required under the California Consumer Privacy Act (\u201cCCPA\u201d), as amended, to provide certain information to California residents about how we collect, use, and share their Personal Information in our capacity as a business, and about the rights and choices California residents may have concerning their [&hellip;]\" \/>\n<meta property=\"og:url\" content=\"https:\/\/dominguezins.com\/es\/privacy-policy\/\" \/>\n<meta property=\"og:site_name\" content=\"Dominguez Insurance Services\" \/>\n<meta property=\"article:publisher\" content=\"https:\/\/www.facebook.com\/DominguezInsServices\/\" \/>\n<meta property=\"article:modified_time\" content=\"2026-02-14T00:58:44+00:00\" \/>\n<meta name=\"twitter:card\" content=\"summary_large_image\" \/>\n<meta name=\"twitter:label1\" content=\"Tiempo de lectura\" \/>\n\t<meta name=\"twitter:data1\" content=\"5 minutos\" \/>\n<script type=\"application\/ld+json\" class=\"yoast-schema-graph\">{\"@context\":\"https:\/\/schema.org\",\"@graph\":[{\"@type\":\"WebPage\",\"@id\":\"https:\/\/dominguezins.com\/privacy-policy\/\",\"url\":\"https:\/\/dominguezins.com\/privacy-policy\/\",\"name\":\"Privacy Policy - Dominguez Insurance Services\",\"isPartOf\":{\"@id\":\"https:\/\/dominguezins.com\/#website\"},\"datePublished\":\"2022-08-13T23:08:19+00:00\",\"dateModified\":\"2026-02-14T00:58:44+00:00\",\"breadcrumb\":{\"@id\":\"https:\/\/dominguezins.com\/privacy-policy\/#breadcrumb\"},\"inLanguage\":\"es\",\"potentialAction\":[{\"@type\":\"ReadAction\",\"target\":[\"https:\/\/dominguezins.com\/privacy-policy\/\"]}]},{\"@type\":\"BreadcrumbList\",\"@id\":\"https:\/\/dominguezins.com\/privacy-policy\/#breadcrumb\",\"itemListElement\":[{\"@type\":\"ListItem\",\"position\":1,\"name\":\"Home\",\"item\":\"https:\/\/dominguezins.com\/\"},{\"@type\":\"ListItem\",\"position\":2,\"name\":\"Privacy Policy\"}]},{\"@type\":\"WebSite\",\"@id\":\"https:\/\/dominguezins.com\/#website\",\"url\":\"https:\/\/dominguezins.com\/\",\"name\":\"Dominguez Insurance Services\",\"description\":\"\",\"publisher\":{\"@id\":\"https:\/\/dominguezins.com\/#organization\"},\"potentialAction\":[{\"@type\":\"SearchAction\",\"target\":{\"@type\":\"EntryPoint\",\"urlTemplate\":\"https:\/\/dominguezins.com\/?s={search_term_string}\"},\"query-input\":\"required name=search_term_string\"}],\"inLanguage\":\"es\"},{\"@type\":\"Organization\",\"@id\":\"https:\/\/dominguezins.com\/#organization\",\"name\":\"Dominguez Insurance Services\",\"url\":\"https:\/\/dominguezins.com\/\",\"logo\":{\"@type\":\"ImageObject\",\"inLanguage\":\"es\",\"@id\":\"https:\/\/dominguezins.com\/#\/schema\/logo\/image\/\",\"url\":\"https:\/\/dominguezins.com\/wp-content\/uploads\/2023\/04\/Dominguez-Insurance-Services-Logo-05-e1682027675326.png\",\"contentUrl\":\"https:\/\/dominguezins.com\/wp-content\/uploads\/2023\/04\/Dominguez-Insurance-Services-Logo-05-e1682027675326.png\",\"width\":1061,\"height\":912,\"caption\":\"Dominguez Insurance Services\"},\"image\":{\"@id\":\"https:\/\/dominguezins.com\/#\/schema\/logo\/image\/\"},\"sameAs\":[\"https:\/\/www.facebook.com\/DominguezInsServices\/\",\"https:\/\/www.instagram.com\/dominguezins83\",\"https:\/\/www.linkedin.com\/in\/silvia-dominguez-011834a6\"]}]}<\/script>\n<!-- \/ Yoast SEO plugin. -->","yoast_head_json":{"title":"Privacy Policy - Dominguez Insurance Services","robots":{"index":"index","follow":"follow","max-snippet":"max-snippet:-1","max-image-preview":"max-image-preview:large","max-video-preview":"max-video-preview:-1"},"canonical":"https:\/\/dominguezins.com\/es\/privacy-policy\/","og_locale":"es_ES","og_type":"article","og_title":"Privacy Policy - Dominguez Insurance Services","og_description":"To the extent the law applies to Company, Company is required under the California Consumer Privacy Act (\u201cCCPA\u201d), as amended, to provide certain information to California residents about how we collect, use, and share their Personal Information in our capacity as a business, and about the rights and choices California residents may have concerning their [&hellip;]","og_url":"https:\/\/dominguezins.com\/es\/privacy-policy\/","og_site_name":"Dominguez Insurance Services","article_publisher":"https:\/\/www.facebook.com\/DominguezInsServices\/","article_modified_time":"2026-02-14T00:58:44+00:00","twitter_card":"summary_large_image","twitter_misc":{"Tiempo de lectura":"5 minutos"},"schema":{"@context":"https:\/\/schema.org","@graph":[{"@type":"WebPage","@id":"https:\/\/dominguezins.com\/privacy-policy\/","url":"https:\/\/dominguezins.com\/privacy-policy\/","name":"Privacy Policy - Dominguez Insurance Services","isPartOf":{"@id":"https:\/\/dominguezins.com\/#website"},"datePublished":"2022-08-13T23:08:19+00:00","dateModified":"2026-02-14T00:58:44+00:00","breadcrumb":{"@id":"https:\/\/dominguezins.com\/privacy-policy\/#breadcrumb"},"inLanguage":"es","potentialAction":[{"@type":"ReadAction","target":["https:\/\/dominguezins.com\/privacy-policy\/"]}]},{"@type":"BreadcrumbList","@id":"https:\/\/dominguezins.com\/privacy-policy\/#breadcrumb","itemListElement":[{"@type":"ListItem","position":1,"name":"Home","item":"https:\/\/dominguezins.com\/"},{"@type":"ListItem","position":2,"name":"Privacy Policy"}]},{"@type":"WebSite","@id":"https:\/\/dominguezins.com\/#website","url":"https:\/\/dominguezins.com\/","name":"Dominguez Insurance Services","description":"","publisher":{"@id":"https:\/\/dominguezins.com\/#organization"},"potentialAction":[{"@type":"SearchAction","target":{"@type":"EntryPoint","urlTemplate":"https:\/\/dominguezins.com\/?s={search_term_string}"},"query-input":"required name=search_term_string"}],"inLanguage":"es"},{"@type":"Organization","@id":"https:\/\/dominguezins.com\/#organization","name":"Dominguez Insurance Services","url":"https:\/\/dominguezins.com\/","logo":{"@type":"ImageObject","inLanguage":"es","@id":"https:\/\/dominguezins.com\/#\/schema\/logo\/image\/","url":"https:\/\/dominguezins.com\/wp-content\/uploads\/2023\/04\/Dominguez-Insurance-Services-Logo-05-e1682027675326.png","contentUrl":"https:\/\/dominguezins.com\/wp-content\/uploads\/2023\/04\/Dominguez-Insurance-Services-Logo-05-e1682027675326.png","width":1061,"height":912,"caption":"Dominguez Insurance Services"},"image":{"@id":"https:\/\/dominguezins.com\/#\/schema\/logo\/image\/"},"sameAs":["https:\/\/www.facebook.com\/DominguezInsServices\/","https:\/\/www.instagram.com\/dominguezins83","https:\/\/www.linkedin.com\/in\/silvia-dominguez-011834a6"]}]}},"_links":{"self":[{"href":"https:\/\/dominguezins.com\/es\/wp-json\/wp\/v2\/pages\/3"}],"collection":[{"href":"https:\/\/dominguezins.com\/es\/wp-json\/wp\/v2\/pages"}],"about":[{"href":"https:\/\/dominguezins.com\/es\/wp-json\/wp\/v2\/types\/page"}],"author":[{"embeddable":true,"href":"https:\/\/dominguezins.com\/es\/wp-json\/wp\/v2\/users\/1"}],"replies":[{"embeddable":true,"href":"https:\/\/dominguezins.com\/es\/wp-json\/wp\/v2\/comments?post=3"}],"version-history":[{"count":10,"href":"https:\/\/dominguezins.com\/es\/wp-json\/wp\/v2\/pages\/3\/revisions"}],"predecessor-version":[{"id":1770,"href":"https:\/\/dominguezins.com\/es\/wp-json\/wp\/v2\/pages\/3\/revisions\/1770"}],"wp:attachment":[{"href":"https:\/\/dominguezins.com\/es\/wp-json\/wp\/v2\/media?parent=3"}],"curies":[{"name":"wp","href":"https:\/\/api.w.org\/{rel}","templated":true}]}}